{"id":35,"date":"2019-03-06T13:41:02","date_gmt":"2019-03-06T12:41:02","guid":{"rendered":"https:\/\/webshop.badminton.dk.linux7.dandomainserver.dk\/?post_type=product&#038;p=35"},"modified":"2022-12-13T11:43:38","modified_gmt":"2022-12-13T10:43:38","slug":"fysisk-motorisk-basistraening-i-badminton","status":"publish","type":"product","link":"https:\/\/webshop.badminton.dk\/en\/product\/fysisk-motorisk-basistraening-i-badminton\/","title":{"rendered":"Booklet \"Physical-motor basic training in badminton\""},"content":{"rendered":"<p>[et_pb_section fb_built=&#8221;1&#8243; _builder_version=&#8221;4.16&#8243; custom_padding=&#8221;0px||||false|false&#8221; global_colors_info=&#8221;{}&#8221;][et_pb_row _builder_version=&#8221;4.16&#8243; background_size=&#8221;initial&#8221; background_position=&#8221;top_left&#8221; background_repeat=&#8221;repeat&#8221; width=&#8221;100%&#8221; custom_padding=&#8221;0px||0px||false|false&#8221; global_colors_info=&#8221;{}&#8221;][et_pb_column type=&#8221;4_4&#8243; _builder_version=&#8221;4.16&#8243; custom_padding=&#8221;|||&#8221; global_colors_info=&#8221;{}&#8221; custom_padding__hover=&#8221;|||&#8221;][et_pb_wc_cart_notice _builder_version=&#8221;4.16&#8243; global_colors_info=&#8221;{}&#8221;][\/et_pb_wc_cart_notice][\/et_pb_column][\/et_pb_row][et_pb_row _builder_version=&#8221;4.16&#8243; background_size=&#8221;initial&#8221; background_position=&#8221;top_left&#8221; background_repeat=&#8221;repeat&#8221; width=&#8221;100%&#8221; custom_padding=&#8221;0px||||false|false&#8221; global_colors_info=&#8221;{}&#8221; column_structure=&#8221;1_2,1_2&#8243;][et_pb_column type=&#8221;1_2&#8243; _builder_version=&#8221;4.16&#8243; custom_padding=&#8221;|||&#8221; global_colors_info=&#8221;{}&#8221; custom_padding__hover=&#8221;|||&#8221;][et_pb_wc_images _builder_version=&#8221;4.16&#8243; global_colors_info=&#8221;{}&#8221;][\/et_pb_wc_images][\/et_pb_column][et_pb_column type=&#8221;1_2&#8243; _builder_version=&#8221;4.16&#8243; custom_padding=&#8221;|||&#8221; global_colors_info=&#8221;{}&#8221; custom_padding__hover=&#8221;|||&#8221;][et_pb_wc_title _builder_version=&#8221;4.16&#8243; global_colors_info=&#8221;{}&#8221;][\/et_pb_wc_title][et_pb_wc_rating _builder_version=&#8221;4.16&#8243; global_colors_info=&#8221;{}&#8221;][\/et_pb_wc_rating][et_pb_wc_price _builder_version=&#8221;4.16&#8243; global_colors_info=&#8221;{}&#8221;][\/et_pb_wc_price][et_pb_wc_description _builder_version=&#8221;4.16&#8243; global_colors_info=&#8221;{}&#8221;][\/et_pb_wc_description][et_pb_wc_add_to_cart _builder_version=&#8221;4.16&#8243; global_colors_info=&#8221;{}&#8221;][\/et_pb_wc_add_to_cart][\/et_pb_column][\/et_pb_row][et_pb_row _builder_version=&#8221;4.16&#8243; background_size=&#8221;initial&#8221; background_position=&#8221;top_left&#8221; background_repeat=&#8221;repeat&#8221; width=&#8221;100%&#8221; global_colors_info=&#8221;{}&#8221;][et_pb_column type=&#8221;4_4&#8243; _builder_version=&#8221;4.16&#8243; custom_padding=&#8221;|||&#8221; global_colors_info=&#8221;{}&#8221; custom_padding__hover=&#8221;|||&#8221;][et_pb_wc_tabs _builder_version=&#8221;4.16&#8243; global_colors_info=&#8221;{}&#8221;]\t\t\t\t\t[\/et_pb_wc_tabs][et_pb_wc_upsells _builder_version=&#8221;4.16&#8243; global_colors_info=&#8221;{}&#8221;][\/et_pb_wc_upsells][et_pb_wc_related_products _builder_version=&#8221;4.16&#8243; global_colors_info=&#8221;{}&#8221;][\/et_pb_wc_related_products][\/et_pb_column][\/et_pb_row][\/et_pb_section]<\/p>","protected":false},"excerpt":{"rendered":"<p>Udviklingen af den fysiske og motoriske basis skal prioriteres h\u00f8jt, ved at stimulere b\u00f8rnene p\u00e5 mange forskellige m\u00e5der. Det g\u00f8r sig g\u00e6ldende for alle b\u00f8rn, uanset om det enkelte barn har lyst til at dyrke sport eller ej, spille badminton, h\u00e5ndbold eller noget helt andet.<br \/>\nMotorisk udvikling sker over et helt livsforl\u00f8b, men specielt i b\u00f8rne\u00e5rene op til puberteten er den motoriske udvikling essentiel, da indl\u00e6ring af bev\u00e6gelser begr\u00e6nses betydeligt, n\u00e5r puberteten s\u00e6tter ind.<br \/>\nI materialet:<br \/>\n&gt; belyses vigtigheden af fysisk-motorisk basistr\u00e6ning og omfanget af denne specielt rettet mod de 5-12 \u00e5rige<br \/>\n&gt; gives et konkret bud p\u00e5, hvordan BATK\u2019s retningslinjer og anbefalinger oms\u00e6ttes til specifikke tr\u00e6nings\u00f8velser, som udvikler den fysisk-motoriske basis<br \/>\n&gt; skabes struktur p\u00e5 et omfangsrigt omr\u00e5de, og derved hj\u00e6lpes tr\u00e6neren med relevante \u00f8velsesvalg ud fra lektionens m\u00e5l<br \/>\n&gt; gives inspiration til \u00f8velser og hvorledes disse kan varieres og udvikles<\/p>\n<p>Udover dette h\u00e6fte s\u00e5 f\u00e5r du ogs\u00e5 adgang til over 250 videoer med \u00f8velser til inspiration din tr\u00e6ning. Alle videoer findes via <a href=\"http:\/\/www.fmbt.badminton.dk\">www.fmbt.badminton.dk<\/a><\/p>\n<p>Du kan ogs\u00e5 l\u00e6se materialet online\u00a0<a href=\"https:\/\/issuu.com\/badmintondenmark\/docs\/51218_-_fysisk-motorisk_basistr_nin\">her<\/a>.<\/p>","protected":false},"featured_media":3513,"template":"","meta":{"_et_pb_use_builder":"on","_et_pb_old_content":"","_et_gb_content_width":""},"product_cat":[22],"product_tag":[],"class_list":{"0":"post-35","1":"product","2":"type-product","3":"status-publish","4":"has-post-thumbnail","6":"product_cat-boeger","8":"first","9":"instock","10":"taxable","11":"shipping-taxable","12":"purchasable","13":"product-type-simple"},"_links":{"self":[{"href":"https:\/\/webshop.badminton.dk\/en\/wp-json\/wp\/v2\/product\/35"}],"collection":[{"href":"https:\/\/webshop.badminton.dk\/en\/wp-json\/wp\/v2\/product"}],"about":[{"href":"https:\/\/webshop.badminton.dk\/en\/wp-json\/wp\/v2\/types\/product"}],"wp:featuredmedia":[{"embeddable":true,"href":"https:\/\/webshop.badminton.dk\/en\/wp-json\/wp\/v2\/media\/3513"}],"wp:attachment":[{"href":"https:\/\/webshop.badminton.dk\/en\/wp-json\/wp\/v2\/media?parent=35"}],"wp:term":[{"taxonomy":"product_cat","embeddable":true,"href":"https:\/\/webshop.badminton.dk\/en\/wp-json\/wp\/v2\/product_cat?post=35"},{"taxonomy":"product_tag","embeddable":true,"href":"https:\/\/webshop.badminton.dk\/en\/wp-json\/wp\/v2\/product_tag?post=35"}],"curies":[{"name":"wp","href":"https:\/\/api.w.org\/{rel}","templated":true}]}}