{"id":568,"date":"2019-04-24T10:02:10","date_gmt":"2019-04-24T09:02:10","guid":{"rendered":"https:\/\/webshop.badminton.dk.linux7.dandomainserver.dk\/?page_id=568"},"modified":"2022-09-07T11:26:57","modified_gmt":"2022-09-07T10:26:57","slug":"handelsbetingelser","status":"publish","type":"page","link":"https:\/\/webshop.badminton.dk\/en\/handelsbetingelser\/","title":{"rendered":"Terms of service"},"content":{"rendered":"[et_pb_section][et_pb_row][et_pb_column type=&#8221;4_4&#8243;][et_pb_text]<h3>Trade and payment terms<\/h3>\n<strong>Generel information<\/strong>\n\nBelow you can read about the conditions that apply in connection with trading on Badminton Denmark's portals: badmintonpeople.dk and shop.badminton.dk. The information reproduced below has been prepared on the basis of the most frequently asked questions. You can e.g. read about tournament fees, licences, course activities, Badminton Denmark events and other purchases in relation to non-fiction and the like.\n\n<strong>Trading on the portal takes place at<\/strong>\nBadminton Danmark (CVR-nr.: 1369 3315)\nIdr\u00e6ttens Hus\nBr\u00f8ndby Stadion 20\nDK-2605 Br\u00f8ndby\nTlf.:70 60 50 76\nE-mail: info@badminton.dk\n\n<strong>Payment methods<\/strong>\n\nThe following payment cards are used at badmintonpeople.dk and shop.badminton.dk; Dankort, MasterCard, Maestro, Visa, VisaElectron. When paying by card, the card number, expiry date and control digits are always provided.\n\n<strong>Payment &amp; security<\/strong>\n\nBetalingssystemet p\u00e5 portalerne er baseret p\u00e5 QuickPay og godkendt af Nets.\n\nAlle kort-data sendes krypteret til Nets og lagres ikke hos Badminton Danmark.\n\n<strong>Tournament License Entries<\/strong>\n\nTo cover Badminton Denmark's administration costs associated with tournament entries and license payments, an administration fee is charged per registered row or per license. The administration fee is per 14-11-2014 DKK 17.00. The administration fee applicable at all times can be found in Badminton Denmark's \"Overview of fees etc.\", <a href=\"http:\/\/badminton.dk\/cms\/?&amp;pageid=25207\">klik her<\/a>.\n\nTurneringstilmeldinger kan fortrydes p\u00e5 portalen i menuen \u201dmine betalinger\u201d frem til fristen for sidste tilmelding.\n\nN\u00e5r tilmeldingsfristenoverskrides er tilmeldingen bindende overfor arrang\u00f8ren. S\u00e5ledes er det ikke l\u00e6ngere muligt viaportalen, at f\u00e5 refunderet tilmeldingsgebyret hos Badminton Danmark. Fortrydes tilmelding alligevel efter tilmeldingsfrist, er refusion af tilmeldingsgebyret dog stadig muligt ved direkte henvendelse til arrang\u00f8ren. Dette er dog kun muligt indtil programmet publiceres. Arrang\u00f8rens kontaktoplysninger findes via s\u00e6sonplanen eller p\u00e5 selve turneringsinvitationen.\n\nAflyses en turnering tilbagebetales tilmeldingsgebyret. Udbetaling foretages af arrang\u00f8ren. Administrationsgebyr og driftsgebyr refunderes ikke.\n\nDer er ingen fortrydelsesret ved licensk\u00f8b.\n\n<strong>Operating fee<\/strong>\n\nTournament registration is subject to an operating fee of DKK 3, which covers costs for server, traffic, SLA, backup and licenses.\n\n<strong>Administration fee<\/strong>\n\nTournament registration is subject to an administration fee which covers expenses for administration of the activities and services offered on BadmintonPeople. Including, for example, salaries for administrative staff.\n\n<strong>Course activity<\/strong>\n\nKursustilmelding er bindende efter tilmeldingsfristen, og en tilmelding er f\u00f8rst gyldig, n\u00e5r kursusbetalingen er faldet.\n\nKursustilmeldinger fortrydes ved henvendelse til info@badminton.dk frem til fristen for sidste tilmelding. Ved afbud eller fortrydelse oplyses pr. ovenn\u00e6vnte mail kursusnavn, -dato, -sted. Ydermere p\u00e5f\u00f8res deltagerens fulde navn samtordre nr. jf. oprindelig ordrebekr\u00e6ftelse.\n\nVed rettidigt afbud jf. ovenst\u00e5ende refunderes det fulde bel\u00f8b.\n\nFortrydes tilmelding alligevel efter tilmeldingsfrist, er refusion af det fulde bel\u00f8b ikke l\u00e6ngere muligt.\n\nVed manglende fremm\u00f8de uden meddelelse i henhold til ovenst\u00e5ende er refusion ikke l\u00e6ngere muligt.\n\nI tilf\u00e6lde af kursusaflysning refunderes det fulde bel\u00f8b. Badminton Danmark yder ikke kompensation til andre udgifter til fx overnatning, transport mv.\n\n<strong>Events<\/strong>\n\nRegistrations for events in the form of badminton camps, excursions and the like can be canceled by contacting info@badminton.dk until the deadline for last registration. In the event of cancellation or cancellation, please inform above-mentioned email event type, date, place. Furthermore, the participant's full name and order no. cf. original order confirmation.\n<h3>Physical purchase of goods, non-fiction, etc.<\/h3>\n<strong>Delivery<\/strong>\nOrdrer afsendes inden for 10 dage. Undtaget herfra er varer, hvor der er angivet en l\u00e6ngere leveringstid.\n\nAlle varer sendes med PostNord. Ved bestilling af lagervarer samt varer angivet som bestillingsvare, forbeholder Badminton Danmark sig retten til delvis eller samlet levering. Der tages forbehold for trykfejl, lagerstyringsfejl og pris\u00e6ndringer.\n\nOBS &#8211; S\u00e5 snart ordren er overdraget til PostNord, tager Badminton Danmark ikke l\u00e6ngere ansvar for varen.\n\nForsendelse og administration\nN\u00e5r man handler hos Badminton Danmark, opkr\u00e6ves automatisk et forsendelsesgebyr. Forsendelsesgebyret bestemmes af forsendelsen v\u00e6gt og kan ses, n\u00e5r varen er lagt indk\u00f8bskurven.\n\n<strong>Right of return<\/strong>\nFortrydes k\u00f8bet returneres varens salgspris indenfor 14 dage fra den dato du har modtaget varen. Varen skal returneres i samme stand og m\u00e6ngde som ved levering. Returfragt er for egen regning. Varens salgspris returneres din konto inden for 7 dage.\n\nVed returnering af varer vedl\u00e6gges information om fulde navn, faktura\/ordre nummer inkl. bem\u00e6rkning om, at pengene \u00f8nskes tilbage.\n\nDet er muligt at fortryde k\u00f8bet ved at n\u00e6gte levering, enten ved overdragelse af varen til postv\u00e6senet, eller ved returnering til returadressen.\n\n<strong>Exchange<\/strong>\nAny item is exchanged within 14 days. Return shipping is at your own expense. Badminton Denmark sends exchanged goods free of charge. When exchanging, please include information about your full name, invoice number and which goods you wish to exchange. If Badminton Danmark does not have the desired item in stock, the item's sales price will be refunded within 7 days. Items are only exchanged for items of the same or lower selling price. If you wish to exchange the product at a higher price, a new order must be placed.\n\n<strong>Complaint<\/strong>\nBadminton Danmark kontrollerer alle varer inden afsendelse. Forekommer der alligevel fejl ved levering, vedl\u00e6gges information om fulde navn og fakturanummer samt en liste med fejl og mangler.\n\nVed reklamation repareres eller erstattes med ny leverance inden for 7 dage fra modtagelsen. S\u00e5fremt reparation eller erstatning ikke er mulig, tilbagebetales salgsprisen inden for 7 dage. Derudover g\u00e6lder 2-\u00e5rs reklamationsfrist i henhold til k\u00f8beloven.\n\nReturadressen fremg\u00e5r ovenfor.\n\n&#8212;&#8212;-\n\nS\u00e5fremt du har sp\u00f8rgsm\u00e5l ang\u00e5ende vores portal, er du meget velkommen til at kontakte os p\u00e5 info@badminton.dk.\n\n&#8212;&#8212;-\n\n<strong>Confidentiality<\/strong>\n\nBadminton Denmark stores personal data in accordance with the Personal Data Act. Thus, information is not recorded using cookies or log files.\n\n<strong>Reservation<\/strong>\n\nBadminton Denmark reserves the right to, among other things, typographical errors, fee amounts, VAT and tax changes and cancellations.\n\n<strong>Receipt<\/strong>\n\nImmediately after you have registered and paid online, you will receive a receipt via e-mail. The receipt contains, among other things, a receipt number, name and address of the payer, QuickPay transaction number and an overview with, for example, registered tournaments, events or purchases of non-fiction.\n<h3>Personal data policy<\/h3>\nVed anvendelse af Badminton Danmarks online tilmelding og licensk\u00f8b m.v. benyttes dine oplysninger navn, adresse, f\u00f8dselsdato, telefonnummer og e-mail. Oplysningerne anvendes bl.a. ved behandling af tilmeldinger og licensk\u00f8b m.v. Ydermere anvendes dataene til at give meddelelse ved eksempelvis aflysninger og lignende.\n\nBadminton Danmark opbevarer navne, adresser og e-mailadresser samt ordrer. Alle oplysninger lagres i et administrationssystem. Oplysninger anvendes kun i forbindelse med den omhandlende aktivitet. Oplysninger overdrages kun til implicerede parter, eksempelvis medarrang\u00f8r eller ekstern leverand\u00f8r. Oplysninger s\u00e6lges eller overdrages ikke udenforst\u00e5ende tredjepart. Oplysninger om navn og f\u00f8dselsdato ved deltagelse i individuelle og hold turneringer lagres i et administrationssystem og slettes ikke. F\u00f8dselsdatoen dokumenterer retten til at deltage i specifikke turneringer.\n\nDu kan finde Badminton Danmarks persondatapolitik <a href=\"http:\/\/badminton.dk\/cms\/?cmsid=824&amp;pageid=27248\">her.<\/a>[\/et_pb_text][\/et_pb_column][\/et_pb_row][\/et_pb_section]","protected":false},"excerpt":{"rendered":"<p><div class=\"et_pb_section et_pb_section_0 et_section_regular\" >\n\t\t\t\t\n\t\t\t\t\n\t\t\t\t\n\t\t\t\t\n\t\t\t\t\n\t\t\t\t\n\t\t\t\t\n\t\t\t\t\n\t\t\t\t\n\t\t\t<\/div><div class=\"et_pb_row et_pb_row_0 et_pb_row_empty\">\n\t\t\t\t\n\t\t\t\t\n\t\t\t\t\n\t\t\t\t\n\t\t\t\t\n\t\t\t<\/div><div class=\"et_pb_module et_pb_text et_pb_text_0  et_pb_text_align_left et_pb_bg_layout_light\">\n\t\t\t\t\n\t\t\t\t\n\t\t\t\t\n\t\t\t\t\n\t\t\t\t\n\t\t\t<\/div>Handels- og betalingsbetingelser Generel information Nedenfor kan du l\u00e6se om de betingelser, der g\u00f8r sig g\u00e6ldende i forbindelse med handel p\u00e5 Badminton Danmarks portaler: badmintonpeople.dk og shop.badminton.dk. Oplysningerne gengivet nedenfor er udarbejdet p\u00e5 baggrund af de oftest stillede sp\u00f8rgsm\u00e5l. Du kan bl.a. l\u00e6se om turneringsgebyrer, licenser, kursusaktiviteter, Badminton Danmark events samt andre k\u00f8b i relation [&hellip;]<\/p>","protected":false},"author":1,"featured_media":0,"parent":0,"menu_order":0,"comment_status":"closed","ping_status":"closed","template":"","meta":{"_et_pb_use_builder":"on","_et_pb_old_content":"<h3>Handels- og betalingsbetingelser<\/h3>\n<strong>Generel information<\/strong>\n\nNedenfor kan du l\u00e6se om de betingelser, der g\u00f8r sig g\u00e6ldende i forbindelse med handel p\u00e5 Badminton Danmarks portaler: badmintonpeople.dk og shop.badminton.dk. Oplysningerne gengivet nedenfor er udarbejdet p\u00e5 baggrund af de oftest stillede sp\u00f8rgsm\u00e5l. Du kan bl.a. l\u00e6se om turneringsgebyrer, licenser, kursusaktiviteter, Badminton Danmark events samt andre k\u00f8b i relation til faglitteratur og lignende.\n\n<strong>Handel p\u00e5 portal sker hos<\/strong>\nBadminton Danmark (CVR-nr.: 1369 3315)\nIdr\u00e6ttens Hus\nBr\u00f8ndby Stadion 20\nDK-2605 Br\u00f8ndby\nTlf.:70 60 50 76\nE-mail: info@badminton.dk\n\n<strong>Betalingsmidler<\/strong>\n\nP\u00e5 badmintonpeople.dk og shop.badminton.dk anvendes f\u00f8lgende betalingskort; Dankort, MasterCard, Maestro, Visa, VisaElectron. Ved kortbetaling oplyses altid om kortnummer, udl\u00f8bsdato og kontrolcifre.\n\n<strong>Betaling &amp; sikkerhed<\/strong>\n\nBetalingssystemet p\u00e5 portalerne er baseret p\u00e5 QuickPay og godkendt af Nets.\n\nAlle kort-data sendes krypteret til Nets og lagres ikke hos Badminton Danmark.\n\n<strong>Turnerings- licenstilmeldinger<\/strong>\n\nTil d\u00e6kning af Badminton Danmarks administrationsudgifter forbundet med turneringstilmeldinger og licensbetalinger, opkr\u00e6ves administrationsgebyr pr. tilmeldt r\u00e6kke eller pr. licens. Administrationsgebyret er pr. 14-11-2014 DKK 17,00. Det til enhver tid g\u00e6ldende administrationsgebyr findes i Badminton Danmarks \u201dOversigt over gebyrer mv.\u201d, <a href=\"http:\/\/badminton.dk\/cms\/?&amp;pageid=25207\">klik her<\/a>.\n\nTurneringstilmeldinger kan fortrydes p\u00e5 portalen i menuen \u201dmine betalinger\u201d frem til fristen for sidste tilmelding.\n\nN\u00e5r tilmeldingsfristenoverskrides er tilmeldingen bindende overfor arrang\u00f8ren. S\u00e5ledes er det ikke l\u00e6ngere muligt viaportalen, at f\u00e5 refunderet tilmeldingsgebyret hos Badminton Danmark. Fortrydes tilmelding alligevel efter tilmeldingsfrist, er refusion af tilmeldingsgebyret dog stadig muligt ved direkte henvendelse til arrang\u00f8ren. Dette er dog kun muligt indtil programmet publiceres. Arrang\u00f8rens kontaktoplysninger findes via s\u00e6sonplanen eller p\u00e5 selve turneringsinvitationen.\n\nAflyses en turnering tilbagebetales tilmeldingsgebyret. Udbetaling foretages af arrang\u00f8ren. Administrationsgebyr og driftsgebyr refunderes ikke.\n\nDer er ingen fortrydelsesret ved licensk\u00f8b.\n\n<strong>Driftsgebyr<\/strong>\n\nTurneringstilmelding p\u00e5l\u00e6gges et driftsgebyr p\u00e5 kr. 3,-, som d\u00e6kker udgifter til server, trafik, SLA, backup og licenser.\n\n<strong>Administrationsgebyr<\/strong>\n\nTurneringstilmelding p\u00e5l\u00e6gges et administrationsgebyr som d\u00e6kker udgifter til administration af de aktiviteter og services som udbydes p\u00e5 BadmintonPeople. Herunder fx l\u00f8nsum til administrativt personale.\n\n<strong>Kursusaktivitet<\/strong>\n\nKursustilmelding er bindende efter tilmeldingsfristen, og en tilmelding er f\u00f8rst gyldig, n\u00e5r kursusbetalingen er faldet.\n\nKursustilmeldinger fortrydes ved henvendelse til info@badminton.dk frem til fristen for sidste tilmelding. Ved afbud eller fortrydelse oplyses pr. ovenn\u00e6vnte mail kursusnavn, -dato, -sted. Ydermere p\u00e5f\u00f8res deltagerens fulde navn samtordre nr. jf. oprindelig ordrebekr\u00e6ftelse.\n\nVed rettidigt afbud jf. ovenst\u00e5ende refunderes det fulde bel\u00f8b.\n\nFortrydes tilmelding alligevel efter tilmeldingsfrist, er refusion af det fulde bel\u00f8b ikke l\u00e6ngere muligt.\n\nVed manglende fremm\u00f8de uden meddelelse i henhold til ovenst\u00e5ende er refusion ikke l\u00e6ngere muligt.\n\nI tilf\u00e6lde af kursusaflysning refunderes det fulde bel\u00f8b. Badminton Danmark yder ikke kompensation til andre udgifter til fx overnatning, transport mv.\n\n<strong>Events<\/strong>\n\nTilmeldinger til events i form af badmintonlejrer, udflugter og lignende kan fortrydes ved henvendelse til info@badminton.dk frem til fristen for sidste tilmelding. Ved afbud eller fortrydelse oplyses pr. ovenn\u00e6vnte mail eventtype, -dato, -sted. Ydermere p\u00e5f\u00f8res deltagerens fulde navn samt ordrenr. jf. oprindelig ordrebekr\u00e6ftelse.\n<h3>Fysisk varek\u00f8b, faglitteratur m.v.<\/h3>\n<strong>Levering<\/strong>\nOrdrer afsendes inden for 10 dage. Undtaget herfra er varer, hvor der er angivet en l\u00e6ngere leveringstid.\n\nAlle varer sendes med PostNord. Ved bestilling af lagervarer samt varer angivet som bestillingsvare, forbeholder Badminton Danmark sig retten til delvis eller samlet levering. Der tages forbehold for trykfejl, lagerstyringsfejl og pris\u00e6ndringer.\n\nOBS - S\u00e5 snart ordren er overdraget til PostNord, tager Badminton Danmark ikke l\u00e6ngere ansvar for varen.\n\nForsendelse og administration\nN\u00e5r man handler hos Badminton Danmark, opkr\u00e6ves automatisk et forsendelsesgebyr. Forsendelsesgebyret bestemmes af forsendelsen v\u00e6gt og kan ses, n\u00e5r varen er lagt indk\u00f8bskurven.\n\n<strong>Returret<\/strong>\nFortrydes k\u00f8bet returneres varens salgspris indenfor 14 dage fra den dato du har modtaget varen. Varen skal returneres i samme stand og m\u00e6ngde som ved levering. Returfragt er for egen regning. Varens salgspris returneres din konto inden for 7 dage.\n\nVed returnering af varer vedl\u00e6gges information om fulde navn, faktura\/ordre nummer inkl. bem\u00e6rkning om, at pengene \u00f8nskes tilbage.\n\nDet er muligt at fortryde k\u00f8bet ved at n\u00e6gte levering, enten ved overdragelse af varen til postv\u00e6senet, eller ved returnering til returadressen.\n\n<strong>Ombytning<\/strong>\nEnhver vare byttes inden for 14 dage. Returfragten er for egen regning. Badminton Danmark fremsender ombyttede varer fragtfrit. Ved ombytning vedl\u00e6gges information om fulde navn, fakturanummer samt hvilke varer der \u00f8nskes ombyttet. Hvis Badminton Danmark ikke har den \u00f8nskede vare p\u00e5 lager, tilbagef\u00f8res varens salgspris inden for 7 dage. Varer ombyttes kun til varer af samme eller lavere salgspris. \u00d8nskes ombytning af vare til en h\u00f8jere pris, afgives ny ordre.\n\n<strong>Reklamation<\/strong>\nBadminton Danmark kontrollerer alle varer inden afsendelse. Forekommer der alligevel fejl ved levering, vedl\u00e6gges information om fulde navn og fakturanummer samt en liste med fejl og mangler.\n\nVed reklamation repareres eller erstattes med ny leverance inden for 7 dage fra modtagelsen. S\u00e5fremt reparation eller erstatning ikke er mulig, tilbagebetales salgsprisen inden for 7 dage. Derudover g\u00e6lder 2-\u00e5rs reklamationsfrist i henhold til k\u00f8beloven.\n\nReturadressen fremg\u00e5r ovenfor.\n\n-------\n\nS\u00e5fremt du har sp\u00f8rgsm\u00e5l ang\u00e5ende vores portal, er du meget velkommen til at kontakte os p\u00e5 info@badminton.dk.\n\n-------\n\n<strong>Fortrolighed<\/strong>\n\nBadminton Danmark opbevarer persondata i henhold til persondataloven. S\u00e5ledes registreres ikke oplysninger ved hj\u00e6lp af cookies eller logfiler.\n\n<strong>Forbehold<\/strong>\n\nBadminton Danmark tager forbehold for bl.a. trykfejl, gebyrst\u00f8rrelser, moms- og afgifts\u00e6ndringer samt aflysninger.\n\n<strong>Kvittering<\/strong>\n\nStraks efter du har tilmeldt og betalt online, modtager du en kvittering via e-mail. Kvitteringen indeholder blandt andet et kvitteringsnummer, navn og adresse p\u00e5 betaleren, QuickPay transaktionsnummer samt en oversigt med eksempelvis tilmeldte turneringer, events eller k\u00f8b af faglitteratur.\n<h3>Persondatapolitik<\/h3>\nVed anvendelse af Badminton Danmarks online tilmelding og licensk\u00f8b m.v. benyttes dine oplysninger navn, adresse, f\u00f8dselsdato, telefonnummer og e-mail. Oplysningerne anvendes bl.a. ved behandling af tilmeldinger og licensk\u00f8b m.v. Ydermere anvendes dataene til at give meddelelse ved eksempelvis aflysninger og lignende.\n\nBadminton Danmark opbevarer navne, adresser og e-mailadresser samt ordrer. Alle oplysninger lagres i et administrationssystem. Oplysninger anvendes kun i forbindelse med den omhandlende aktivitet. Oplysninger overdrages kun til implicerede parter, eksempelvis medarrang\u00f8r eller ekstern leverand\u00f8r. Oplysninger s\u00e6lges eller overdrages ikke udenforst\u00e5ende tredjepart. Oplysninger om navn og f\u00f8dselsdato ved deltagelse i individuelle og hold turneringer lagres i et administrationssystem og slettes ikke. F\u00f8dselsdatoen dokumenterer retten til at deltage i specifikke turneringer.\n\nDu kan finde Badminton Danmarks persondatapolitik <a href=\"http:\/\/badminton.dk\/cms\/?cmsid=824&amp;pageid=27248\">her.<\/a>","_et_gb_content_width":"","footnotes":""},"class_list":["post-568","page","type-page","status-publish","hentry"],"_links":{"self":[{"href":"https:\/\/webshop.badminton.dk\/en\/wp-json\/wp\/v2\/pages\/568"}],"collection":[{"href":"https:\/\/webshop.badminton.dk\/en\/wp-json\/wp\/v2\/pages"}],"about":[{"href":"https:\/\/webshop.badminton.dk\/en\/wp-json\/wp\/v2\/types\/page"}],"author":[{"embeddable":true,"href":"https:\/\/webshop.badminton.dk\/en\/wp-json\/wp\/v2\/users\/1"}],"replies":[{"embeddable":true,"href":"https:\/\/webshop.badminton.dk\/en\/wp-json\/wp\/v2\/comments?post=568"}],"version-history":[{"count":2,"href":"https:\/\/webshop.badminton.dk\/en\/wp-json\/wp\/v2\/pages\/568\/revisions"}],"predecessor-version":[{"id":3879,"href":"https:\/\/webshop.badminton.dk\/en\/wp-json\/wp\/v2\/pages\/568\/revisions\/3879"}],"wp:attachment":[{"href":"https:\/\/webshop.badminton.dk\/en\/wp-json\/wp\/v2\/media?parent=568"}],"curies":[{"name":"wp","href":"https:\/\/api.w.org\/{rel}","templated":true}]}}